{"id":97,"date":"2015-09-28T11:05:33","date_gmt":"2015-09-28T11:05:33","guid":{"rendered":"http:\/\/urlaubscenter24.com\/reisen\/?p=97"},"modified":"2016-06-22T08:36:01","modified_gmt":"2016-06-22T08:36:01","slug":"tuerkei","status":"publish","type":"page","link":"https:\/\/urlaubscenter24.com\/de\/tuerkei\/","title":{"rendered":"T\u00fcrkei &#8211; Urlaub zwischen Strand und Kultur"},"content":{"rendered":"<p><img loading=\"lazy\" decoding=\"async\" class=\"border-radius alignnone wp-image-71 size-full\" src=\"http:\/\/urlaubscenter24.com\/de\/wp-content\/uploads\/2015\/09\/tuerkei_640_250.jpg\" alt=\"tuerkei_640_250\" width=\"640\" height=\"250\" \/><\/p>\n<p><iframe loading=\"lazy\" src=\"http:\/\/urlaubscenter24.com\/buchungsmaske\/ibe_tuerkei.php\" width=\"640\" height=\"170\" frameborder=\"0\" scrolling=\"no\"><\/iframe><\/p>\n<p>Die T\u00fcrkei ist das Land, das Europa und Asien verbindet. Obwohl die T\u00fcrkei politisch zu Europa geh\u00f6rt, befinden sich 97 Prozent des Staatsgebiets auf dem asiatischen Kontinent. Ein T\u00fcrkei Urlaub ist am \u00e4g\u00e4ischen Meer, am Mittelmeer und am Schwarzen Meer m\u00f6glich. Unabh\u00e4ngig von den touristischen Zentren ist die t\u00fcrkische Hauptstadt Istanbul mit ihrem orientalischen Flair ein beliebtes Ziel.<\/p>\n<p><em><strong>Wetter und Klima<\/strong><\/em><\/p>\n<p>Das Klima in der T\u00fcrkei ist aufgrund der Gr\u00f6\u00dfe des Landes in verschiedene Zonen eingeteilt. An den Mittelmeerk\u00fcsten sind die Temperaturen in den Sommermonaten mit 30 Grad und mehr bei einer gleichzeitig hohen Luftfeuchtigkeit extrem hoch. Die Winter sind mild mit Temperaturen um 14-17 Grad. Gem\u00e4\u00dfigter ist das Klima an der K\u00fcste des Schwarzen Meeres mit sommerlichen Durchschnittstemperaturen von 25 Grad und 6 Grad im Winter. W\u00e4hrend es an den Mittelmeer-K\u00fcsten sehr trocken ist, sind die Regionen am Schwarzen Meer relativ regenreich.<\/p>\n<p><em><strong>Urlaub in aufregenden Landschaften<\/strong><\/em><\/p>\n<p>Das Landschaftsbild der T\u00fcrkei ist sehr unterschiedlich und reicht von h\u00fcgeligen Landschaften in der Region von Istanbul \u00fcber eine Steppenlandschaft im Osten der Stadt bis zu den Gebirgsregionen im Zentrum und im Osten des Landes. Eine \u00fcppige Vegetation bieten vor allem die K\u00fcstenbereiche des Mittelmeeres mit Weinbergen, Olivenb\u00e4umen und Zypressen, w\u00e4hrend der K\u00fcstenstreifen am Schwarzen Meer bergig und waldreich ist. Hohe Berge und Hochplateaus sowie die fruchtbaren Regionen an Euphrat und Tigris pr\u00e4gen Zentral- und S\u00fcdost-Anatolien.<\/p>\n<p><em><strong>Reise in moderne St\u00e4dte und Orte aus 1001 Nacht<\/strong><\/em><\/p>\n<p>Neben der gr\u00f6\u00dften Stadt Istanbul, die eines der beliebtesten Ziele in die T\u00fcrkei ist, sind Ankara, Izmir, Kayseri, Bursa, Adana, Gaziantep, und Konya (alles Millionenst\u00e4dte) bedeutende St\u00e4dte und Wirtschaftszentren in der T\u00fcrkei. Fast alle Gro\u00dfst\u00e4dte haben auch einen historischen Hintergrund und verf\u00fcgen \u00fcber reizvolle historische Stadtviertel. St\u00e4dte mit einem antiken Hintergrund sind Ephesos, Troja, Canakkale und Bergama, das fr\u00fchere Pergamon. An den K\u00fcsten und im gesamten Land gibt es kleine St\u00e4dte und D\u00f6rfer, die orientalisch, aber auch sehr karg anmuten k\u00f6nnen.<\/p>\n<p><em><strong>Ferienorte und Str\u00e4nde in der T\u00fcrkei<\/strong><\/em><\/p>\n<p>Die bekanntesten Ferienzentren der T\u00fcrkei sind die Regionen um Antalya, Kemer und Alanya an der T\u00fcrkischen Riviera sowie die \u00e4g\u00e4ischen Urlaubsorte Bodrum, Marmaris, Fethiye, Cesme und Kusadasi. Wer Pauschalreisen in die T\u00fcrkei buchen m\u00f6chte, findet bei uns eine gro\u00dfe Auswahl an Hotels und Ferienresorts der unterschiedlichsten Kategorien.<br \/>\nAn der T\u00fcrkischen Riviera, der beliebtesten Ferienregion der T\u00fcrkei, entstanden in den letzten Jahren hunderte von komfortablen und luxuri\u00f6sen 4,5- und 5-Sterne Hotels mit riesigen Poollandschaften, gro\u00dfz\u00fcgigen Gartenanlagen, hervorragenden Restaurants und breitem Sport-, Wellness- und Unterhaltungsprogramm. Sie finden luxuri\u00f6se Themenhotels am feinen kilometerlangen Sandstrand im neuen Touristenzentrum Lara, 4- und 5-Sterne Hotels um den malerischen Ort mit antiken Sehensw\u00fcrdigkeiten Side, hervorragende Komfort- und Luxushotels neben gro\u00dfen Golfpl\u00e4tzen in Belek, sch\u00f6ne Hotels vor der Traumkulisse des Taurusgebirges um Kemer und Anlagen verschiedener Kategorien um die h\u00fcbsche Stadt Alanya.<\/p>\n<p>Die Str\u00e4nde sind sowohl in der \u00c4g\u00e4is, als auch an den Mittelmeerk\u00fcsten sehr vielf\u00e4ltig. Kilometerlange herrliche Sandstr\u00e4nde befinden sich in den Ferienorten Side, Alanya und Lara. Malerische bilderh\u00fcbsche Buchten sowie gr\u00f6\u00dfere Kiesstr\u00e4nde sind in den Ferienorten um Kemer und an der Lykischen K\u00fcste zu finden.<\/p>\n<p><em><strong>Sehensw\u00fcrdigkeiten<\/strong><\/em><\/p>\n<p>In der T\u00fcrkei befinden sich viele St\u00e4tten der griechischen Mythologie wie Troja, Pergamon oder Ephesos. Sie sind w\u00e4hrend der T\u00fcrkei Reise von der Mittelmeer- oder \u00c4g\u00e4isk\u00fcste in Tagesausfl\u00fcgen erreichbar. Eines der ber\u00fchmtesten Naturschauspiele, das man sich w\u00e4hrend der T\u00fcrkei Reise nicht entgehen lassen sollte, sind die Thermalquellen von Pamukkale.<br \/>\nAn der T\u00fcrkischen Riviera sind antike Sehensw\u00fcrdigkeiten in Side, Aspendos und Perge schnell zu erreichen. Sehenswert sind auch die St\u00e4dte Antalya und Alanya selbst. 60 km nordwestlich von Side befindet sich der Nationalpark K\u00f6pr\u00fcl\u00fc Kanyon, von dem aus zahlreiche abenteuerliche Rafting-Touren starten.<\/p>\n<p><em><strong>Sportm\u00f6glichkeiten<\/strong><\/em><\/p>\n<p>W\u00e4hrend eines T\u00fcrkei-Urlaubs sind viele verschiedene Sportarten m\u00f6glich. In allen gro\u00dfen Hotelanlagen sind zahlreiche Sportarten wie Tennis, Beachvolleyball, Aerobic und verschiedene Wassersportarten am Strand m\u00f6glich. Die Ferienregion Belek ist ein Paradies f\u00fcr Golfurlauber, da dort \u00fcber 10 Golfclubs und 15 erstklassige Golfpl\u00e4tze zur Verf\u00fcgung stehen. Die Bucht \u00d6lu Deniz an der Lykischen K\u00fcste ist sehr beliebt bei Paragleitern, da hier Spr\u00fcnge \u00fcber der Traumbucht \u00d6ludeniz stattfinden. Die gebirgige Region Kemer und die Lykische K\u00fcste bieten in der Nebensaison hervorragende M\u00f6glichkeiten zum Wandern und Mountainbiking.<\/p>\n<p><em><strong>Ihr T\u00fcrkeiurlaub<\/strong><\/em><\/p>\n<p>Bei uns k\u00f6nnen Sie Ihren T\u00fcrkeiurlaub zu allen bekannten touristischen Zielen buchen. In unserer Datenbank finden Sie g\u00fcnstige Last Minute &amp; Pauschalreisen im Preisvergleich aller renommierten Reiseveranstalter, die Sie rund um die Uhr online oder auch telefonisch buchen k\u00f6nnen.<\/p>\n","protected":false},"excerpt":{"rendered":"<p>Die T\u00fcrkei ist das Land, das Europa und Asien verbindet. Obwohl die T\u00fcrkei politisch zu Europa geh\u00f6rt, befinden sich 97 Prozent des Staatsgebiets auf&#8230;<\/p>\n","protected":false},"author":1,"featured_media":0,"parent":0,"menu_order":0,"comment_status":"closed","ping_status":"closed","template":"","meta":{"footnotes":""},"class_list":["post-97","page","type-page","status-publish","hentry","post-item","post-even"],"yoast_head":"<!-- This site is optimized with the Yoast SEO plugin v23.9 - https:\/\/yoast.com\/wordpress\/plugins\/seo\/ -->\n<title>T\u00fcrkei - Urlaub zwischen Strand und Kultur - Urlaub g\u00fcnstig<\/title>\n<meta name=\"robots\" content=\"index, follow, max-snippet:-1, max-image-preview:large, max-video-preview:-1\" \/>\n<link rel=\"canonical\" href=\"https:\/\/urlaubscenter24.com\/de\/tuerkei\/\" \/>\n<meta property=\"og:locale\" content=\"de_DE\" \/>\n<meta property=\"og:type\" content=\"article\" \/>\n<meta property=\"og:title\" content=\"T\u00fcrkei - Urlaub zwischen Strand und Kultur - Urlaub g\u00fcnstig\" \/>\n<meta property=\"og:description\" content=\"Die T\u00fcrkei ist das Land, das Europa und Asien verbindet. Obwohl die T\u00fcrkei politisch zu Europa geh\u00f6rt, befinden sich 97 Prozent des Staatsgebiets auf...\" \/>\n<meta property=\"og:url\" content=\"https:\/\/urlaubscenter24.com\/de\/tuerkei\/\" \/>\n<meta property=\"og:site_name\" content=\"Urlaub g\u00fcnstig\" \/>\n<meta property=\"article:modified_time\" content=\"2016-06-22T08:36:01+00:00\" \/>\n<meta property=\"og:image\" content=\"http:\/\/urlaubscenter24.com\/de\/wp-content\/uploads\/2015\/09\/tuerkei_640_250.jpg\" \/>\n<meta name=\"twitter:card\" content=\"summary_large_image\" \/>\n<meta name=\"twitter:label1\" content=\"Gesch\u00e4tzte Lesezeit\" \/>\n\t<meta name=\"twitter:data1\" content=\"4\u00a0Minuten\" \/>\n<script type=\"application\/ld+json\" class=\"yoast-schema-graph\">{\"@context\":\"https:\/\/schema.org\",\"@graph\":[{\"@type\":\"WebPage\",\"@id\":\"https:\/\/urlaubscenter24.com\/de\/tuerkei\/\",\"url\":\"https:\/\/urlaubscenter24.com\/de\/tuerkei\/\",\"name\":\"T\u00fcrkei - Urlaub zwischen Strand und Kultur - Urlaub g\u00fcnstig\",\"isPartOf\":{\"@id\":\"https:\/\/urlaubscenter24.com\/de\/#website\"},\"primaryImageOfPage\":{\"@id\":\"https:\/\/urlaubscenter24.com\/de\/tuerkei\/#primaryimage\"},\"image\":{\"@id\":\"https:\/\/urlaubscenter24.com\/de\/tuerkei\/#primaryimage\"},\"thumbnailUrl\":\"http:\/\/urlaubscenter24.com\/de\/wp-content\/uploads\/2015\/09\/tuerkei_640_250.jpg\",\"datePublished\":\"2015-09-28T11:05:33+00:00\",\"dateModified\":\"2016-06-22T08:36:01+00:00\",\"breadcrumb\":{\"@id\":\"https:\/\/urlaubscenter24.com\/de\/tuerkei\/#breadcrumb\"},\"inLanguage\":\"de\",\"potentialAction\":[{\"@type\":\"ReadAction\",\"target\":[\"https:\/\/urlaubscenter24.com\/de\/tuerkei\/\"]}]},{\"@type\":\"ImageObject\",\"inLanguage\":\"de\",\"@id\":\"https:\/\/urlaubscenter24.com\/de\/tuerkei\/#primaryimage\",\"url\":\"https:\/\/urlaubscenter24.com\/de\/wp-content\/uploads\/2015\/09\/tuerkei_640_250.jpg\",\"contentUrl\":\"https:\/\/urlaubscenter24.com\/de\/wp-content\/uploads\/2015\/09\/tuerkei_640_250.jpg\",\"width\":640,\"height\":250},{\"@type\":\"BreadcrumbList\",\"@id\":\"https:\/\/urlaubscenter24.com\/de\/tuerkei\/#breadcrumb\",\"itemListElement\":[{\"@type\":\"ListItem\",\"position\":1,\"name\":\"Startseite\",\"item\":\"https:\/\/urlaubscenter24.com\/de\/\"},{\"@type\":\"ListItem\",\"position\":2,\"name\":\"T\u00fcrkei &#8211; Urlaub zwischen Strand und Kultur\"}]},{\"@type\":\"WebSite\",\"@id\":\"https:\/\/urlaubscenter24.com\/de\/#website\",\"url\":\"https:\/\/urlaubscenter24.com\/de\/\",\"name\":\"Urlaub g\u00fcnstig\",\"description\":\"G\u00fcnstige Pauschalreisen &amp; Hotels\",\"potentialAction\":[{\"@type\":\"SearchAction\",\"target\":{\"@type\":\"EntryPoint\",\"urlTemplate\":\"https:\/\/urlaubscenter24.com\/de\/?s={search_term_string}\"},\"query-input\":{\"@type\":\"PropertyValueSpecification\",\"valueRequired\":true,\"valueName\":\"search_term_string\"}}],\"inLanguage\":\"de\"}]}<\/script>\n<!-- \/ Yoast SEO plugin. -->","yoast_head_json":{"title":"T\u00fcrkei - Urlaub zwischen Strand und Kultur - Urlaub g\u00fcnstig","robots":{"index":"index","follow":"follow","max-snippet":"max-snippet:-1","max-image-preview":"max-image-preview:large","max-video-preview":"max-video-preview:-1"},"canonical":"https:\/\/urlaubscenter24.com\/de\/tuerkei\/","og_locale":"de_DE","og_type":"article","og_title":"T\u00fcrkei - Urlaub zwischen Strand und Kultur - Urlaub g\u00fcnstig","og_description":"Die T\u00fcrkei ist das Land, das Europa und Asien verbindet. Obwohl die T\u00fcrkei politisch zu Europa geh\u00f6rt, befinden sich 97 Prozent des Staatsgebiets auf...","og_url":"https:\/\/urlaubscenter24.com\/de\/tuerkei\/","og_site_name":"Urlaub g\u00fcnstig","article_modified_time":"2016-06-22T08:36:01+00:00","og_image":[{"url":"http:\/\/urlaubscenter24.com\/de\/wp-content\/uploads\/2015\/09\/tuerkei_640_250.jpg"}],"twitter_card":"summary_large_image","twitter_misc":{"Gesch\u00e4tzte Lesezeit":"4\u00a0Minuten"},"schema":{"@context":"https:\/\/schema.org","@graph":[{"@type":"WebPage","@id":"https:\/\/urlaubscenter24.com\/de\/tuerkei\/","url":"https:\/\/urlaubscenter24.com\/de\/tuerkei\/","name":"T\u00fcrkei - Urlaub zwischen Strand und Kultur - Urlaub g\u00fcnstig","isPartOf":{"@id":"https:\/\/urlaubscenter24.com\/de\/#website"},"primaryImageOfPage":{"@id":"https:\/\/urlaubscenter24.com\/de\/tuerkei\/#primaryimage"},"image":{"@id":"https:\/\/urlaubscenter24.com\/de\/tuerkei\/#primaryimage"},"thumbnailUrl":"http:\/\/urlaubscenter24.com\/de\/wp-content\/uploads\/2015\/09\/tuerkei_640_250.jpg","datePublished":"2015-09-28T11:05:33+00:00","dateModified":"2016-06-22T08:36:01+00:00","breadcrumb":{"@id":"https:\/\/urlaubscenter24.com\/de\/tuerkei\/#breadcrumb"},"inLanguage":"de","potentialAction":[{"@type":"ReadAction","target":["https:\/\/urlaubscenter24.com\/de\/tuerkei\/"]}]},{"@type":"ImageObject","inLanguage":"de","@id":"https:\/\/urlaubscenter24.com\/de\/tuerkei\/#primaryimage","url":"https:\/\/urlaubscenter24.com\/de\/wp-content\/uploads\/2015\/09\/tuerkei_640_250.jpg","contentUrl":"https:\/\/urlaubscenter24.com\/de\/wp-content\/uploads\/2015\/09\/tuerkei_640_250.jpg","width":640,"height":250},{"@type":"BreadcrumbList","@id":"https:\/\/urlaubscenter24.com\/de\/tuerkei\/#breadcrumb","itemListElement":[{"@type":"ListItem","position":1,"name":"Startseite","item":"https:\/\/urlaubscenter24.com\/de\/"},{"@type":"ListItem","position":2,"name":"T\u00fcrkei &#8211; Urlaub zwischen Strand und Kultur"}]},{"@type":"WebSite","@id":"https:\/\/urlaubscenter24.com\/de\/#website","url":"https:\/\/urlaubscenter24.com\/de\/","name":"Urlaub g\u00fcnstig","description":"G\u00fcnstige Pauschalreisen &amp; Hotels","potentialAction":[{"@type":"SearchAction","target":{"@type":"EntryPoint","urlTemplate":"https:\/\/urlaubscenter24.com\/de\/?s={search_term_string}"},"query-input":{"@type":"PropertyValueSpecification","valueRequired":true,"valueName":"search_term_string"}}],"inLanguage":"de"}]}},"jetpack_sharing_enabled":true,"rttpg_featured_image_url":null,"rttpg_author":{"display_name":"urlaubscenter24","author_link":"https:\/\/urlaubscenter24.com\/de\/author\/urlaubscenter24\/"},"rttpg_comment":0,"rttpg_category":null,"rttpg_excerpt":"Die T\u00fcrkei ist das Land, das Europa und Asien verbindet. Obwohl die T\u00fcrkei politisch zu Europa geh\u00f6rt, befinden sich 97 Prozent des Staatsgebiets auf...","_links":{"self":[{"href":"https:\/\/urlaubscenter24.com\/de\/wp-json\/wp\/v2\/pages\/97","targetHints":{"allow":["GET"]}}],"collection":[{"href":"https:\/\/urlaubscenter24.com\/de\/wp-json\/wp\/v2\/pages"}],"about":[{"href":"https:\/\/urlaubscenter24.com\/de\/wp-json\/wp\/v2\/types\/page"}],"author":[{"embeddable":true,"href":"https:\/\/urlaubscenter24.com\/de\/wp-json\/wp\/v2\/users\/1"}],"replies":[{"embeddable":true,"href":"https:\/\/urlaubscenter24.com\/de\/wp-json\/wp\/v2\/comments?post=97"}],"version-history":[{"count":1,"href":"https:\/\/urlaubscenter24.com\/de\/wp-json\/wp\/v2\/pages\/97\/revisions"}],"predecessor-version":[{"id":642,"href":"https:\/\/urlaubscenter24.com\/de\/wp-json\/wp\/v2\/pages\/97\/revisions\/642"}],"wp:attachment":[{"href":"https:\/\/urlaubscenter24.com\/de\/wp-json\/wp\/v2\/media?parent=97"}],"curies":[{"name":"wp","href":"https:\/\/api.w.org\/{rel}","templated":true}]}}