{"id":5205,"date":"2022-09-20T09:31:57","date_gmt":"2022-09-20T09:31:57","guid":{"rendered":"https:\/\/urlaubscenter24.com\/de\/?page_id=5205"},"modified":"2026-01-21T16:26:43","modified_gmt":"2026-01-21T16:26:43","slug":"reisemagazin","status":"publish","type":"page","link":"https:\/\/urlaubscenter24.com\/de\/reisemagazin\/","title":{"rendered":"Reisemagazin"},"content":{"rendered":"\n<style type='text\/css' media='all'>#rt-tpg-container-4065287210 .read-more a{border-radius:px;}#rt-tpg-container-4065287210 .rt-holder {border-color:#00abbc;}#rt-tpg-container-4065287210 .rt-holder {border-style: solid;border-width:1px;}#rt-tpg-container-4065287210 .rt-holder {border-radius:5px;}#rt-tpg-container-4065287210 .tpg-widget-heading-wrapper.heading-style1 .tpg-widget-heading, #rt-tpg-container-4065287210 .tpg-widget-heading-wrapper.heading-style1 .tpg-widget-heading a, #rt-tpg-container-4065287210 .tpg-widget-heading-wrapper.heading-style2 .tpg-widget-heading, #rt-tpg-container-4065287210 .tpg-widget-heading-wrapper.heading-style2 .tpg-widget-heading a, #rt-tpg-container-4065287210 .tpg-widget-heading-wrapper.heading-style3 .tpg-widget-heading, #rt-tpg-container-4065287210 .tpg-widget-heading-wrapper.heading-style3 .tpg-widget-heading a  {color:#1e73be;}#rt-tpg-container-4065287210 .tpg-widget-heading-wrapper.heading-style1 .tpg-widget-heading::before  {background-color:#1e73be;}#rt-tpg-container-4065287210 .tpg-widget-heading-wrapper.heading-style1 .tpg-widget-heading-line, #rt-tpg-container-4065287210 .tpg-widget-heading-wrapper.heading-style2, #rt-tpg-container-4065287210 .tpg-widget-heading-wrapper.heading-style3  {border-color:#ffffff;}#rt-tpg-container-4065287210 .rt-img-holder img.rt-img-responsive,#rt-tpg-container-4065287210 .rt-img-holder,\n\t\t\t\t\t#rt-tpg-container-4065287210 .rt-post-overlay .post-img,\n\t\t\t\t\t#rt-tpg-container-4065287210 .post-sm .post-img,\n\t\t\t\t\t#rt-tpg-container-4065287210 .rt-post-grid .post-img,\n\t\t\t\t\t#rt-tpg-container-4065287210 .post-img img {border-radius:px;}#rt-tpg-container-4065287210 .layout1 .rt-holder h2.entry-title,\n\t\t\t\t\t#rt-tpg-container-4065287210 .layout1 .rt-holder h3.entry-title,\n\t\t\t\t\t#rt-tpg-container-4065287210 .layout1 .rt-holder h4.entry-title,\n\t\t\t\t\t#rt-tpg-container-4065287210 .layout1 .rt-holder h2.entry-title a,\n\t\t\t\t\t#rt-tpg-container-4065287210 .layout1 .rt-holder h3.entry-title a,\n\t\t\t\t\t#rt-tpg-container-4065287210 .layout1 .rt-holder h4.entry-title a,\n\t\t\t\t\t#rt-tpg-container-4065287210 .rt-holder .rt-woo-info h2 a,\n\t\t\t\t\t#rt-tpg-container-4065287210 .rt-holder .rt-woo-info h3 a,\n\t\t\t\t\t#rt-tpg-container-4065287210 .rt-holder .rt-woo-info h4 a,\n\t\t\t\t\t#rt-tpg-container-4065287210 .post-content .post-title,\n\t\t\t\t\t#rt-tpg-container-4065287210 .rt-post-grid .post-title,\n\t\t\t\t\t#rt-tpg-container-4065287210 .rt-post-grid .post-title a,\n\t\t\t\t\t#rt-tpg-container-4065287210 .post-content .post-title a,\n\t\t\t\t\t#rt-tpg-container-4065287210 .rt-holder .rt-woo-info h2,\n\t\t\t\t\t#rt-tpg-container-4065287210 .rt-holder .rt-woo-info h3,\n\t\t\t\t\t#rt-tpg-container-4065287210 .rt-holder .rt-woo-info h4{font-size:18px;line-height:28px;font-weight:bold;}#rt-tpg-container-4065287210 .post-grid-lg-style-1 .post-title,\n\t\t\t\t\t\t#rt-tpg-container-4065287210 .post-grid-lg-style-1 .post-title a,\n\t\t\t\t\t\t#rt-tpg-container-4065287210 .big-layout .post-title,\n\t\t\t\t\t\t#rt-tpg-container-4065287210 .big-layout .post-title a,\n\t\t\t\t\t\t#rt-tpg-container-4065287210 .post-grid-lg-style-1 .post-title,\n\t\t\t\t\t\t#rt-tpg-container-4065287210 .post-grid-lg-style-1 .post-title a {font-size:26px;line-height:36px;}#rt-tpg-container-4065287210 .layout1 .rt-holder .tpg-excerpt,#rt-tpg-container-4065287210 .layout1 .tpg-excerpt,#rt-tpg-container-4065287210 .layout1 .rt-holder .post-content,#rt-tpg-container-4065287210 .rt-holder .rt-woo-info p,#rt-tpg-container-4065287210 .post-content p {font-size:14px;}<\/style><div class='rt-container-fluid rt-tpg-container tpg-shortcode-main-wrapper ' id='rt-tpg-container-4065287210'   data-layout='layout1' data-grid-style='even' data-desktop-col='3'  data-tab-col='2'  data-mobile-col='1' data-sc-id='5202'><div data-title='Loading ...' class='rt-row rt-content-loader   layout1 tpg-even '><div class=\"rt-col-md-4 rt-col-sm-6 rt-col-xs-12 even-grid-item rt-grid-item\" data-id=\"8354\"><div class=\"rt-holder\"><div class=\"rt-img-holder\"><a data-id=\"8354\" class=\"\" href=\"https:\/\/urlaubscenter24.com\/de\/spektakel-am-nachthimmel-polarlichter-ueber-deutschland-ein-einmaliges-erlebnis\/\"><img loading=\"lazy\" decoding=\"async\" width=\"1200\" height=\"900\" src=\"https:\/\/urlaubscenter24.com\/de\/wp-content\/uploads\/2026\/01\/Polarlichter-Deutschland.jpg\" class=\"rt-img-responsive \" alt=\"Polarlichter in Deutschland\" \/><\/a><\/div><div class='rt-detail'><h3 class=\"entry-title\"><a data-id=\"8354\" class=\"\" href=\"https:\/\/urlaubscenter24.com\/de\/spektakel-am-nachthimmel-polarlichter-ueber-deutschland-ein-einmaliges-erlebnis\/\">Spektakel am Nachthimmel: Polarlichter \u00fcber Deutschland \u2013 ein einmaliges Erlebnis<\/a><\/h3><div class='tpg-excerpt'>In der Nacht zum Dienstag letzte Woche erlebten Himmelsfreunde und Nachtschw\u00e4rmer in ganz Deutschland ein...<\/div><\/div><\/div><\/div><div class=\"rt-col-md-4 rt-col-sm-6 rt-col-xs-12 even-grid-item rt-grid-item\" data-id=\"8337\"><div class=\"rt-holder\"><div class=\"rt-img-holder\"><a data-id=\"8337\" class=\"\" href=\"https:\/\/urlaubscenter24.com\/de\/cinque-terre-im-sommer-lohnt-sich-die-reise-wirklich\/\"><img loading=\"lazy\" decoding=\"async\" width=\"1200\" height=\"900\" src=\"https:\/\/urlaubscenter24.com\/de\/wp-content\/uploads\/2026\/01\/Cinque-Terre-Sommer.jpg\" class=\"rt-img-responsive \" alt=\"\" \/><\/a><\/div><div class='rt-detail'><h3 class=\"entry-title\"><a data-id=\"8337\" class=\"\" href=\"https:\/\/urlaubscenter24.com\/de\/cinque-terre-im-sommer-lohnt-sich-die-reise-wirklich\/\">Cinque Terre im Sommer: Lohnt sich die Reise wirklich?<\/a><\/h3><div class='tpg-excerpt'>T\u00fcrkisblaues Meer, pastellfarbene H\u00e4user, steile Weinberge und schmale Gassen: Die Cinque Terre an der ligurischen...<\/div><\/div><\/div><\/div><div class=\"rt-col-md-4 rt-col-sm-6 rt-col-xs-12 even-grid-item rt-grid-item\" data-id=\"8221\"><div class=\"rt-holder\"><div class=\"rt-img-holder\"><a data-id=\"8221\" class=\"\" href=\"https:\/\/urlaubscenter24.com\/de\/wie-teuer-ist-ein-flug-nach-teneriffa\/\"><img loading=\"lazy\" decoding=\"async\" width=\"1200\" height=\"900\" src=\"https:\/\/urlaubscenter24.com\/de\/wp-content\/uploads\/2025\/12\/Teneriffa-Flug-Preis.jpg\" class=\"rt-img-responsive \" alt=\"Teneriffa Flug - Preis\" \/><\/a><\/div><div class='rt-detail'><h3 class=\"entry-title\"><a data-id=\"8221\" class=\"\" href=\"https:\/\/urlaubscenter24.com\/de\/wie-teuer-ist-ein-flug-nach-teneriffa\/\">Wie teuer ist ein Flug nach Teneriffa?<\/a><\/h3><div class='tpg-excerpt'>Wenn Sie \u00fcberlegen, nach Teneriffa zu fliegen, zum Beispiel ab Berlin, h\u00e4ngt der Preis stark...<\/div><\/div><\/div><\/div><div class=\"rt-col-md-4 rt-col-sm-6 rt-col-xs-12 even-grid-item rt-grid-item\" data-id=\"8296\"><div class=\"rt-holder\"><div class=\"rt-img-holder\"><a data-id=\"8296\" class=\"\" href=\"https:\/\/urlaubscenter24.com\/de\/drei-zinnen-mit-dem-auto-ueber-die-mautstrasse\/\"><img loading=\"lazy\" decoding=\"async\" width=\"1200\" height=\"900\" src=\"https:\/\/urlaubscenter24.com\/de\/wp-content\/uploads\/2026\/01\/Drei-Zinnen-Auronzohuette.jpg\" class=\"rt-img-responsive \" alt=\"Drei Zinnen - Auronzoh\u00fctte\" \/><\/a><\/div><div class='rt-detail'><h3 class=\"entry-title\"><a data-id=\"8296\" class=\"\" href=\"https:\/\/urlaubscenter24.com\/de\/drei-zinnen-mit-dem-auto-ueber-die-mautstrasse\/\">Drei Zinnen mit dem Auto \u00fcber die Mautstra\u00dfe \u2013 so erreichen Sie die Auronzoh\u00fctte in den Dolomiten<\/a><\/h3><div class='tpg-excerpt'>Majest\u00e4tisch ragen sie in den Himmel, ikonisch und fast unwirklich sch\u00f6n: Die Drei Zinnen geh\u00f6ren...<\/div><\/div><\/div><\/div><div class=\"rt-col-md-4 rt-col-sm-6 rt-col-xs-12 even-grid-item rt-grid-item\" data-id=\"8256\"><div class=\"rt-holder\"><div class=\"rt-img-holder\"><a data-id=\"8256\" class=\"\" href=\"https:\/\/urlaubscenter24.com\/de\/dubrovnik-im-winter\/\"><img loading=\"lazy\" decoding=\"async\" width=\"1200\" height=\"900\" src=\"https:\/\/urlaubscenter24.com\/de\/wp-content\/uploads\/2026\/01\/Dubrovnik-Winter.jpg\" class=\"rt-img-responsive \" alt=\"Dubrovnik im Winter\" \/><\/a><\/div><div class='rt-detail'><h3 class=\"entry-title\"><a data-id=\"8256\" class=\"\" href=\"https:\/\/urlaubscenter24.com\/de\/dubrovnik-im-winter\/\">Dubrovnik im Winter \u2013 Wenn die Perle der Adria zur stillen Sch\u00f6nheit wird<\/a><\/h3><div class='tpg-excerpt'>Wenn die Kreuzfahrtschiffe ausbleiben und die Sommersonne einer klaren Winterluft weicht, zeigt sich Dubrovnik von...<\/div><\/div><\/div><\/div><div class=\"rt-col-md-4 rt-col-sm-6 rt-col-xs-12 even-grid-item rt-grid-item\" data-id=\"8245\"><div class=\"rt-holder\"><div class=\"rt-img-holder\"><a data-id=\"8245\" class=\"\" href=\"https:\/\/urlaubscenter24.com\/de\/camper-mieten-in-australien-dein-guide-fuer-die-grenzenlose-freiheit-in-down-under\/\"><img loading=\"lazy\" decoding=\"async\" width=\"1200\" height=\"900\" src=\"https:\/\/urlaubscenter24.com\/de\/wp-content\/uploads\/2026\/01\/Australien-Camper-mieten.jpg\" class=\"rt-img-responsive \" alt=\"Australien - Camper mieten\" \/><\/a><\/div><div class='rt-detail'><h3 class=\"entry-title\"><a data-id=\"8245\" class=\"\" href=\"https:\/\/urlaubscenter24.com\/de\/camper-mieten-in-australien-dein-guide-fuer-die-grenzenlose-freiheit-in-down-under\/\">Camper mieten in Australien: Dein Guide f\u00fcr die grenzenlose Freiheit in Down Under<\/a><\/h3><div class='tpg-excerpt'>Australien ist ein Kontinent der Superlative. Von den leuchtend roten Weiten des Outbacks bis zu...<\/div><\/div><\/div><\/div><div class=\"rt-col-md-4 rt-col-sm-6 rt-col-xs-12 even-grid-item rt-grid-item\" data-id=\"8225\"><div class=\"rt-holder\"><div class=\"rt-img-holder\"><a data-id=\"8225\" class=\"\" href=\"https:\/\/urlaubscenter24.com\/de\/guenstige-fernreisen\/\"><img loading=\"lazy\" decoding=\"async\" width=\"1200\" height=\"900\" src=\"https:\/\/urlaubscenter24.com\/de\/wp-content\/uploads\/2026\/01\/Guenstige-Fernreisen.jpg\" class=\"rt-img-responsive \" alt=\"Guenstige Fernreisen\" \/><\/a><\/div><div class='rt-detail'><h3 class=\"entry-title\"><a data-id=\"8225\" class=\"\" href=\"https:\/\/urlaubscenter24.com\/de\/guenstige-fernreisen\/\">G\u00fcnstige Fernreisen: Traumziele zum kleinen Preis<\/a><\/h3><div class='tpg-excerpt'>Wer sagt, dass Fernreisen immer teuer sein m\u00fcssen? Mit den richtigen Angeboten lassen sich exotische...<\/div><\/div><\/div><\/div><div class=\"rt-col-md-4 rt-col-sm-6 rt-col-xs-12 even-grid-item rt-grid-item\" data-id=\"8091\"><div class=\"rt-holder\"><div class=\"rt-img-holder\"><a data-id=\"8091\" class=\"\" href=\"https:\/\/urlaubscenter24.com\/de\/winterurlaub-im-hotel-grand-resort-am-roten-meer\/\"><img loading=\"lazy\" decoding=\"async\" width=\"1200\" height=\"900\" src=\"https:\/\/urlaubscenter24.com\/de\/wp-content\/uploads\/2025\/09\/Winterurlaub-Aegypten-Strand.jpg\" class=\"rt-img-responsive \" alt=\"Winterurlaub - \u00c4gypten, Strand\" \/><\/a><\/div><div class='rt-detail'><h3 class=\"entry-title\"><a data-id=\"8091\" class=\"\" href=\"https:\/\/urlaubscenter24.com\/de\/winterurlaub-im-hotel-grand-resort-am-roten-meer\/\">Winterurlaub im Hotel Grand Resort am Roten Meer<\/a><\/h3><div class='tpg-excerpt'>Ein Hauch von 1001 Nacht am Meer Das 4-Sterne Hotel Grand Resort in Hurghada empf\u00e4ngt...<\/div><\/div><\/div><\/div><div class=\"rt-col-md-4 rt-col-sm-6 rt-col-xs-12 even-grid-item rt-grid-item\" data-id=\"8071\"><div class=\"rt-holder\"><div class=\"rt-img-holder\"><a data-id=\"8071\" class=\"\" href=\"https:\/\/urlaubscenter24.com\/de\/guenstiger-herbsturlaub-im-hotel-sueral-resort-in-side-in-der-tuerkei\/\"><img loading=\"lazy\" decoding=\"async\" width=\"1200\" height=\"900\" src=\"https:\/\/urlaubscenter24.com\/de\/wp-content\/uploads\/2025\/09\/Tuerkische-Riviera-Side.jpg\" class=\"rt-img-responsive \" alt=\"\" \/><\/a><\/div><div class='rt-detail'><h3 class=\"entry-title\"><a data-id=\"8071\" class=\"\" href=\"https:\/\/urlaubscenter24.com\/de\/guenstiger-herbsturlaub-im-hotel-sueral-resort-in-side-in-der-tuerkei\/\">G\u00fcnstiger Herbsturlaub im Hotel S\u00fcral Resort in Side in der T\u00fcrkei<\/a><\/h3><div class='tpg-excerpt'>Komfort am Mittelmeer zum kleinen Preis Das Hotel S\u00fcral Resort in Side-Colakli liegt direkt am...<\/div><\/div><\/div><\/div><\/div><div class='rt-pagination-wrap' data-total-pages='11' data-posts-per-page='9' data-type='pagination'  ><div class=\"rt-pagination\" ><ul class=\"pagination-list\"><li class=\"active\"><span>1<\/span><\/li><li><a data-paged='2' href='https:\/\/urlaubscenter24.com\/de\/wp-json\/wp\/v2\/pages\/5205\/page\/2\/'>2<\/a><\/li><li><a data-paged='3' href='https:\/\/urlaubscenter24.com\/de\/wp-json\/wp\/v2\/pages\/5205\/page\/3\/'>3<\/a><\/li><li><a data-paged='4' href='https:\/\/urlaubscenter24.com\/de\/wp-json\/wp\/v2\/pages\/5205\/page\/4\/'>4<\/a><\/li><li><a data-paged='5' href='https:\/\/urlaubscenter24.com\/de\/wp-json\/wp\/v2\/pages\/5205\/page\/5\/'>5<\/a><\/li><li><a data-paged='2' href=\"https:\/\/urlaubscenter24.com\/de\/wp-json\/wp\/v2\/pages\/5205\/page\/2\/\"  aria-label='Next'>&rsaquo;<\/a><\/li><li><a data-paged='11' href='https:\/\/urlaubscenter24.com\/de\/wp-json\/wp\/v2\/pages\/5205\/page\/11\/' aria-label='Last'>&raquo;<\/a><\/li><\/ul><\/div><\/div><\/div>\n\n\n\n<p><\/p>\n","protected":false},"excerpt":{"rendered":"","protected":false},"author":1,"featured_media":0,"parent":0,"menu_order":0,"comment_status":"closed","ping_status":"closed","template":"","meta":{"footnotes":""},"class_list":["post-5205","page","type-page","status-publish","hentry","post-item","post-even"],"yoast_head":"<!-- This site is optimized with the Yoast SEO plugin v23.9 - https:\/\/yoast.com\/wordpress\/plugins\/seo\/ -->\n<title>Reisemagazin - Urlaub g\u00fcnstig<\/title>\n<meta name=\"robots\" content=\"index, follow, max-snippet:-1, max-image-preview:large, max-video-preview:-1\" \/>\n<link rel=\"canonical\" href=\"https:\/\/urlaubscenter24.com\/de\/reisemagazin\/\" \/>\n<meta property=\"og:locale\" content=\"de_DE\" \/>\n<meta property=\"og:type\" content=\"article\" \/>\n<meta property=\"og:title\" content=\"Reisemagazin - Urlaub g\u00fcnstig\" \/>\n<meta property=\"og:url\" content=\"https:\/\/urlaubscenter24.com\/de\/reisemagazin\/\" \/>\n<meta property=\"og:site_name\" content=\"Urlaub g\u00fcnstig\" \/>\n<meta property=\"article:modified_time\" content=\"2026-01-21T16:26:43+00:00\" \/>\n<meta name=\"twitter:card\" content=\"summary_large_image\" \/>\n<meta name=\"twitter:label1\" content=\"Gesch\u00e4tzte Lesezeit\" \/>\n\t<meta name=\"twitter:data1\" content=\"1\u00a0Minute\" \/>\n<script type=\"application\/ld+json\" class=\"yoast-schema-graph\">{\"@context\":\"https:\/\/schema.org\",\"@graph\":[{\"@type\":\"WebPage\",\"@id\":\"https:\/\/urlaubscenter24.com\/de\/reisemagazin\/\",\"url\":\"https:\/\/urlaubscenter24.com\/de\/reisemagazin\/\",\"name\":\"Reisemagazin - Urlaub g\u00fcnstig\",\"isPartOf\":{\"@id\":\"https:\/\/urlaubscenter24.com\/de\/#website\"},\"datePublished\":\"2022-09-20T09:31:57+00:00\",\"dateModified\":\"2026-01-21T16:26:43+00:00\",\"breadcrumb\":{\"@id\":\"https:\/\/urlaubscenter24.com\/de\/reisemagazin\/#breadcrumb\"},\"inLanguage\":\"de\",\"potentialAction\":[{\"@type\":\"ReadAction\",\"target\":[\"https:\/\/urlaubscenter24.com\/de\/reisemagazin\/\"]}]},{\"@type\":\"BreadcrumbList\",\"@id\":\"https:\/\/urlaubscenter24.com\/de\/reisemagazin\/#breadcrumb\",\"itemListElement\":[{\"@type\":\"ListItem\",\"position\":1,\"name\":\"Startseite\",\"item\":\"https:\/\/urlaubscenter24.com\/de\/\"},{\"@type\":\"ListItem\",\"position\":2,\"name\":\"Reisemagazin\"}]},{\"@type\":\"WebSite\",\"@id\":\"https:\/\/urlaubscenter24.com\/de\/#website\",\"url\":\"https:\/\/urlaubscenter24.com\/de\/\",\"name\":\"Urlaub g\u00fcnstig\",\"description\":\"G\u00fcnstige Pauschalreisen &amp; Hotels\",\"potentialAction\":[{\"@type\":\"SearchAction\",\"target\":{\"@type\":\"EntryPoint\",\"urlTemplate\":\"https:\/\/urlaubscenter24.com\/de\/?s={search_term_string}\"},\"query-input\":{\"@type\":\"PropertyValueSpecification\",\"valueRequired\":true,\"valueName\":\"search_term_string\"}}],\"inLanguage\":\"de\"}]}<\/script>\n<!-- \/ Yoast SEO plugin. -->","yoast_head_json":{"title":"Reisemagazin - Urlaub g\u00fcnstig","robots":{"index":"index","follow":"follow","max-snippet":"max-snippet:-1","max-image-preview":"max-image-preview:large","max-video-preview":"max-video-preview:-1"},"canonical":"https:\/\/urlaubscenter24.com\/de\/reisemagazin\/","og_locale":"de_DE","og_type":"article","og_title":"Reisemagazin - Urlaub g\u00fcnstig","og_url":"https:\/\/urlaubscenter24.com\/de\/reisemagazin\/","og_site_name":"Urlaub g\u00fcnstig","article_modified_time":"2026-01-21T16:26:43+00:00","twitter_card":"summary_large_image","twitter_misc":{"Gesch\u00e4tzte Lesezeit":"1\u00a0Minute"},"schema":{"@context":"https:\/\/schema.org","@graph":[{"@type":"WebPage","@id":"https:\/\/urlaubscenter24.com\/de\/reisemagazin\/","url":"https:\/\/urlaubscenter24.com\/de\/reisemagazin\/","name":"Reisemagazin - Urlaub g\u00fcnstig","isPartOf":{"@id":"https:\/\/urlaubscenter24.com\/de\/#website"},"datePublished":"2022-09-20T09:31:57+00:00","dateModified":"2026-01-21T16:26:43+00:00","breadcrumb":{"@id":"https:\/\/urlaubscenter24.com\/de\/reisemagazin\/#breadcrumb"},"inLanguage":"de","potentialAction":[{"@type":"ReadAction","target":["https:\/\/urlaubscenter24.com\/de\/reisemagazin\/"]}]},{"@type":"BreadcrumbList","@id":"https:\/\/urlaubscenter24.com\/de\/reisemagazin\/#breadcrumb","itemListElement":[{"@type":"ListItem","position":1,"name":"Startseite","item":"https:\/\/urlaubscenter24.com\/de\/"},{"@type":"ListItem","position":2,"name":"Reisemagazin"}]},{"@type":"WebSite","@id":"https:\/\/urlaubscenter24.com\/de\/#website","url":"https:\/\/urlaubscenter24.com\/de\/","name":"Urlaub g\u00fcnstig","description":"G\u00fcnstige Pauschalreisen &amp; Hotels","potentialAction":[{"@type":"SearchAction","target":{"@type":"EntryPoint","urlTemplate":"https:\/\/urlaubscenter24.com\/de\/?s={search_term_string}"},"query-input":{"@type":"PropertyValueSpecification","valueRequired":true,"valueName":"search_term_string"}}],"inLanguage":"de"}]}},"jetpack_sharing_enabled":true,"rttpg_featured_image_url":null,"rttpg_author":{"display_name":"urlaubscenter24","author_link":"https:\/\/urlaubscenter24.com\/de\/author\/urlaubscenter24\/"},"rttpg_comment":0,"rttpg_category":"","rttpg_excerpt":null,"_links":{"self":[{"href":"https:\/\/urlaubscenter24.com\/de\/wp-json\/wp\/v2\/pages\/5205","targetHints":{"allow":["GET"]}}],"collection":[{"href":"https:\/\/urlaubscenter24.com\/de\/wp-json\/wp\/v2\/pages"}],"about":[{"href":"https:\/\/urlaubscenter24.com\/de\/wp-json\/wp\/v2\/types\/page"}],"author":[{"embeddable":true,"href":"https:\/\/urlaubscenter24.com\/de\/wp-json\/wp\/v2\/users\/1"}],"replies":[{"embeddable":true,"href":"https:\/\/urlaubscenter24.com\/de\/wp-json\/wp\/v2\/comments?post=5205"}],"version-history":[{"count":25,"href":"https:\/\/urlaubscenter24.com\/de\/wp-json\/wp\/v2\/pages\/5205\/revisions"}],"predecessor-version":[{"id":8295,"href":"https:\/\/urlaubscenter24.com\/de\/wp-json\/wp\/v2\/pages\/5205\/revisions\/8295"}],"wp:attachment":[{"href":"https:\/\/urlaubscenter24.com\/de\/wp-json\/wp\/v2\/media?parent=5205"}],"curies":[{"name":"wp","href":"https:\/\/api.w.org\/{rel}","templated":true}]}}