{"id":25,"date":"2015-09-28T09:28:13","date_gmt":"2015-09-28T09:28:13","guid":{"rendered":"http:\/\/urlaubscenter24.com\/reisen\/?page_id=25"},"modified":"2022-11-16T11:58:37","modified_gmt":"2022-11-16T11:58:37","slug":"impressum","status":"publish","type":"page","link":"https:\/\/urlaubscenter24.com\/de\/impressum\/","title":{"rendered":"Impressum"},"content":{"rendered":"<p>[columns_row width=&#8220;half&#8220;]<br \/>\n[column]<\/p>\n<p><strong>Angaben gem\u00e4\u00df \u00a7 5 TMG<\/strong><\/p>\n<p><strong>Betreiber der Domain:<\/strong><br \/>\nFericom e. K.<br \/>\nNei\u00dfer Str. 8<br \/>\n85221 Dachau<br \/>\nE-Mail: <a href=\"mailto:buchung@urlaubscenter24.com\">buchung@urlaubscenter24.com<\/a>\u00a0(Servicecenter)<br \/>\n<a href=\"mailto:kontakt@urlaubscenter24.com\">kontakt@urlaubscenter24.com<\/a> (Marketing, Kooperationsanfragen)<\/p>\n<p>Telefon: + 49 (0) 991-2967-69939<\/p>\n<p>Inhaber: Dipl.-Betriebswirt (FH) Iwona Ludwig<br \/>\nSt. Nr. 107\/246\/50045<br \/>\nUSt-ID-Nr.: DE 234437754<br \/>\nRegistergericht: Amtsgericht M\u00fcnchen<br \/>\nRegisternummer: HRA 92118<br \/>\nHaftungshinweis f\u00fcr Links:<\/p>\n<p>Trotz sorgf\u00e4ltiger inhaltlicher Kontrolle, \u00fcbernehmen wir keine Haftung f\u00fcr die Inhalte externer Links.<br \/>\nF\u00fcr den Inhalt der verlinkten Seiten sind ausschlie\u00dflich deren Betreiber verantwortlich.[\/column][column]<\/p>\n<p><strong>Buchungsabwicklung und Kundenservice:<\/strong><\/p>\n<p>Urlaubscenter24-Servicecenter<br \/>\ntravianet GmbH<br \/>\nStadtfeldstr. 16<br \/>\n94469 Deggendorf<\/p>\n<p>Weitere Informationen:<br \/>\n<a href=\"http:\/\/urlaubscenter24.com\/reisen\/agb\/\">AGB<\/a><\/p>\n<p>Sie erreichen unser Servicecenter f\u00fcr Reiseanfragen, Informationen und Reklamationen werktags von 8:00 Uhr bis 23:00 Uhr, samstags von 10:00 Uhr bis 22:00 Uhr und sonntags von 11:00 Uhr bis 22:00 Uhr unter der Telefonnummer\u00a0 <strong>+ 49 (0) 991-2967-69939<\/strong> oder per E-Mail unter <a href=\"mailto:buchung@urlaubscenter24.com\" target=\"_blank\" rel=\"noopener\">buchung@urlaubscenter24.com<\/a>[\/column] [\/columns_row]<\/p>\n<p><strong>Haftung f\u00fcr Inhalte<\/strong><\/p>\n<p>Die Inhalte unserer Seiten wurden mit gr\u00f6\u00dfter Sorgfalt erstellt. F\u00fcr die Richtigkeit, Vollst\u00e4ndigkeit und Aktualit\u00e4t der Inhalte k\u00f6nnen wir jedoch keine Gew\u00e4hr \u00fcbernehmen. Als Dienstanbieter sind wir gem\u00e4\u00df \u00a7 7 Abs.1 TMG f\u00fcr eigene Inhalte auf diesen Seiten nach den allgemeinen Gesetzen verantwortlich. Nach \u00a7\u00a7 8 bis 10 TMG sind wir als Dienstanbieter jedoch nicht verpflichtet, \u00fcbermittelte oder gespeicherte fremde Informationen zu \u00fcberwachen oder nach Umst\u00e4nden zu forschen, die auf eine rechtswidrige T\u00e4tigkeit hinweisen. Verpflichtungen zur Entfernung oder Sperrung der Nutzung von Informationen nach den allgemeinen Gesetzen bleiben hiervon unber\u00fchrt. Eine diesbez\u00fcgliche Haftung ist jedoch erst ab dem Zeitpunkt der Kenntnis einer konkreten Rechtsverletzung m\u00f6glich. Bei Bekanntwerden von entsprechenden Rechtsverletzungen werden wir diese Inhalte umgehend entfernen.<\/p>\n<p><strong>Haftung f\u00fcr Links<\/strong><\/p>\n<p>Unser Angebot enth\u00e4lt Links zu externen Webseiten Dritter, auf deren Inhalte wir keinen Einfluss haben. Deshalb k\u00f6nnen wir f\u00fcr diese fremden Inhalte auch keine Gew\u00e4hr \u00fcbernehmen. F\u00fcr die Inhalte der verlinkten Seiten ist stets der jeweilige Anbieter oder Betreiber der Seiten verantwortlich. Die verlinkten Seiten wurden zum Zeitpunkt der Verlinkung auf m\u00f6gliche Rechtsverst\u00f6\u00dfe \u00fcberpr\u00fcft. Rechtswidrige Inhalte waren zum Zeitpunkt der Verlinkung nicht erkennbar. Eine permanente inhaltliche Kontrolle der verlinkten Seiten ist jedoch ohne konkrete Anhaltspunkte einer Rechtsverletzung nicht zumutbar. Bei Bekanntwerden von Rechtsverletzungen werden wir derartige Links umgehend entfernen.<\/p>\n<p><strong>Urheberrecht<\/strong><\/p>\n<p>Die durch die Seitenbetreiber erstellten Inhalte und Werke auf diesen Seiten unterliegen dem deutschen Urheberrecht. Die Vervielf\u00e4ltigung, Bearbeitung, Verbreitung und jede Art der Verwertung au\u00dferhalb der Grenzen des Urheberrechtes bed\u00fcrfen der schriftlichen Zustimmung des jeweiligen Autors bzw. Erstellers. Downloads und Kopien dieser Seite sind nur f\u00fcr den privaten, nicht kommerziellen Gebrauch gestattet. Soweit die Inhalte auf dieser Seite nicht vom Betreiber erstellt wurden, werden die Urheberrechte Dritter beachtet. Insbesondere werden Inhalte Dritter als solche gekennzeichnet. Sollten Sie trotzdem auf eine Urheberrechtsverletzung aufmerksam werden, bitten wir um einen entsprechenden Hinweis. Bei Bekanntwerden von Rechtsverletzungen werden wir derartige Inhalte umgehend entfernen.<\/p>\n<p><strong>Bildquellen<\/strong><\/p>\n<p>Fericom e. K. \u2013 eigene Fotosammlung<br \/>\nwww.fotosearch.com<br \/>\nwww.fotolia.de<br \/>\nwww.istockphoto.com<\/p>\n","protected":false},"excerpt":{"rendered":"<p>[columns_row width=&#8220;half&#8220;] [column] Angaben gem\u00e4\u00df \u00a7 5 TMG Betreiber der Domain: Fericom e. K. Nei\u00dfer Str. 8 85221 Dachau E-Mail: buchung@urlaubscenter24.com\u00a0(Servicecenter) kontakt@urlaubscenter24.com (Marketing, Kooperationsanfragen)&#8230;<\/p>\n","protected":false},"author":1,"featured_media":0,"parent":0,"menu_order":0,"comment_status":"closed","ping_status":"closed","template":"","meta":{"footnotes":""},"class_list":["post-25","page","type-page","status-publish","hentry","post-item","post-even"],"yoast_head":"<!-- This site is optimized with the Yoast SEO plugin v23.9 - https:\/\/yoast.com\/wordpress\/plugins\/seo\/ -->\n<title>Impressum - Urlaub g\u00fcnstig<\/title>\n<meta name=\"robots\" content=\"index, follow, max-snippet:-1, max-image-preview:large, max-video-preview:-1\" \/>\n<link rel=\"canonical\" href=\"https:\/\/urlaubscenter24.com\/de\/impressum\/\" \/>\n<meta property=\"og:locale\" content=\"de_DE\" \/>\n<meta property=\"og:type\" content=\"article\" \/>\n<meta property=\"og:title\" content=\"Impressum - Urlaub g\u00fcnstig\" \/>\n<meta property=\"og:description\" content=\"[columns_row width=&#8220;half&#8220;] [column] Angaben gem\u00e4\u00df \u00a7 5 TMG Betreiber der Domain: Fericom e. K. Nei\u00dfer Str. 8 85221 Dachau E-Mail: buchung@urlaubscenter24.com\u00a0(Servicecenter) kontakt@urlaubscenter24.com (Marketing, Kooperationsanfragen)...\" \/>\n<meta property=\"og:url\" content=\"https:\/\/urlaubscenter24.com\/de\/impressum\/\" \/>\n<meta property=\"og:site_name\" content=\"Urlaub g\u00fcnstig\" \/>\n<meta property=\"article:modified_time\" content=\"2022-11-16T11:58:37+00:00\" \/>\n<meta name=\"twitter:card\" content=\"summary_large_image\" \/>\n<meta name=\"twitter:label1\" content=\"Gesch\u00e4tzte Lesezeit\" \/>\n\t<meta name=\"twitter:data1\" content=\"2\u00a0Minuten\" \/>\n<script type=\"application\/ld+json\" class=\"yoast-schema-graph\">{\"@context\":\"https:\/\/schema.org\",\"@graph\":[{\"@type\":\"WebPage\",\"@id\":\"https:\/\/urlaubscenter24.com\/de\/impressum\/\",\"url\":\"https:\/\/urlaubscenter24.com\/de\/impressum\/\",\"name\":\"Impressum - Urlaub g\u00fcnstig\",\"isPartOf\":{\"@id\":\"https:\/\/urlaubscenter24.com\/de\/#website\"},\"datePublished\":\"2015-09-28T09:28:13+00:00\",\"dateModified\":\"2022-11-16T11:58:37+00:00\",\"breadcrumb\":{\"@id\":\"https:\/\/urlaubscenter24.com\/de\/impressum\/#breadcrumb\"},\"inLanguage\":\"de\",\"potentialAction\":[{\"@type\":\"ReadAction\",\"target\":[\"https:\/\/urlaubscenter24.com\/de\/impressum\/\"]}]},{\"@type\":\"BreadcrumbList\",\"@id\":\"https:\/\/urlaubscenter24.com\/de\/impressum\/#breadcrumb\",\"itemListElement\":[{\"@type\":\"ListItem\",\"position\":1,\"name\":\"Startseite\",\"item\":\"https:\/\/urlaubscenter24.com\/de\/\"},{\"@type\":\"ListItem\",\"position\":2,\"name\":\"Impressum\"}]},{\"@type\":\"WebSite\",\"@id\":\"https:\/\/urlaubscenter24.com\/de\/#website\",\"url\":\"https:\/\/urlaubscenter24.com\/de\/\",\"name\":\"Urlaub g\u00fcnstig\",\"description\":\"G\u00fcnstige Pauschalreisen &amp; Hotels\",\"potentialAction\":[{\"@type\":\"SearchAction\",\"target\":{\"@type\":\"EntryPoint\",\"urlTemplate\":\"https:\/\/urlaubscenter24.com\/de\/?s={search_term_string}\"},\"query-input\":{\"@type\":\"PropertyValueSpecification\",\"valueRequired\":true,\"valueName\":\"search_term_string\"}}],\"inLanguage\":\"de\"}]}<\/script>\n<!-- \/ Yoast SEO plugin. -->","yoast_head_json":{"title":"Impressum - Urlaub g\u00fcnstig","robots":{"index":"index","follow":"follow","max-snippet":"max-snippet:-1","max-image-preview":"max-image-preview:large","max-video-preview":"max-video-preview:-1"},"canonical":"https:\/\/urlaubscenter24.com\/de\/impressum\/","og_locale":"de_DE","og_type":"article","og_title":"Impressum - Urlaub g\u00fcnstig","og_description":"[columns_row width=&#8220;half&#8220;] [column] Angaben gem\u00e4\u00df \u00a7 5 TMG Betreiber der Domain: Fericom e. K. Nei\u00dfer Str. 8 85221 Dachau E-Mail: buchung@urlaubscenter24.com\u00a0(Servicecenter) kontakt@urlaubscenter24.com (Marketing, Kooperationsanfragen)...","og_url":"https:\/\/urlaubscenter24.com\/de\/impressum\/","og_site_name":"Urlaub g\u00fcnstig","article_modified_time":"2022-11-16T11:58:37+00:00","twitter_card":"summary_large_image","twitter_misc":{"Gesch\u00e4tzte Lesezeit":"2\u00a0Minuten"},"schema":{"@context":"https:\/\/schema.org","@graph":[{"@type":"WebPage","@id":"https:\/\/urlaubscenter24.com\/de\/impressum\/","url":"https:\/\/urlaubscenter24.com\/de\/impressum\/","name":"Impressum - Urlaub g\u00fcnstig","isPartOf":{"@id":"https:\/\/urlaubscenter24.com\/de\/#website"},"datePublished":"2015-09-28T09:28:13+00:00","dateModified":"2022-11-16T11:58:37+00:00","breadcrumb":{"@id":"https:\/\/urlaubscenter24.com\/de\/impressum\/#breadcrumb"},"inLanguage":"de","potentialAction":[{"@type":"ReadAction","target":["https:\/\/urlaubscenter24.com\/de\/impressum\/"]}]},{"@type":"BreadcrumbList","@id":"https:\/\/urlaubscenter24.com\/de\/impressum\/#breadcrumb","itemListElement":[{"@type":"ListItem","position":1,"name":"Startseite","item":"https:\/\/urlaubscenter24.com\/de\/"},{"@type":"ListItem","position":2,"name":"Impressum"}]},{"@type":"WebSite","@id":"https:\/\/urlaubscenter24.com\/de\/#website","url":"https:\/\/urlaubscenter24.com\/de\/","name":"Urlaub g\u00fcnstig","description":"G\u00fcnstige Pauschalreisen &amp; Hotels","potentialAction":[{"@type":"SearchAction","target":{"@type":"EntryPoint","urlTemplate":"https:\/\/urlaubscenter24.com\/de\/?s={search_term_string}"},"query-input":{"@type":"PropertyValueSpecification","valueRequired":true,"valueName":"search_term_string"}}],"inLanguage":"de"}]}},"jetpack_sharing_enabled":true,"rttpg_featured_image_url":null,"rttpg_author":{"display_name":"urlaubscenter24","author_link":"https:\/\/urlaubscenter24.com\/de\/author\/urlaubscenter24\/"},"rttpg_comment":0,"rttpg_category":null,"rttpg_excerpt":"[columns_row width=&#8220;half&#8220;] [column] Angaben gem\u00e4\u00df \u00a7 5 TMG Betreiber der Domain: Fericom e. K. Nei\u00dfer Str. 8 85221 Dachau E-Mail: buchung@urlaubscenter24.com\u00a0(Servicecenter) kontakt@urlaubscenter24.com (Marketing, Kooperationsanfragen)...","_links":{"self":[{"href":"https:\/\/urlaubscenter24.com\/de\/wp-json\/wp\/v2\/pages\/25","targetHints":{"allow":["GET"]}}],"collection":[{"href":"https:\/\/urlaubscenter24.com\/de\/wp-json\/wp\/v2\/pages"}],"about":[{"href":"https:\/\/urlaubscenter24.com\/de\/wp-json\/wp\/v2\/types\/page"}],"author":[{"embeddable":true,"href":"https:\/\/urlaubscenter24.com\/de\/wp-json\/wp\/v2\/users\/1"}],"replies":[{"embeddable":true,"href":"https:\/\/urlaubscenter24.com\/de\/wp-json\/wp\/v2\/comments?post=25"}],"version-history":[{"count":17,"href":"https:\/\/urlaubscenter24.com\/de\/wp-json\/wp\/v2\/pages\/25\/revisions"}],"predecessor-version":[{"id":6930,"href":"https:\/\/urlaubscenter24.com\/de\/wp-json\/wp\/v2\/pages\/25\/revisions\/6930"}],"wp:attachment":[{"href":"https:\/\/urlaubscenter24.com\/de\/wp-json\/wp\/v2\/media?parent=25"}],"curies":[{"name":"wp","href":"https:\/\/api.w.org\/{rel}","templated":true}]}}